{"id":4978,"date":"2018-12-06T19:44:56","date_gmt":"2018-12-06T19:44:56","guid":{"rendered":"https:\/\/zeprogida.com.tr\/?page_id=4978"},"modified":"2018-12-18T12:46:40","modified_gmt":"2018-12-18T12:46:40","slug":"cm2w","status":"publish","type":"page","link":"https:\/\/zeprogida.com.tr\/en\/cm2w\/","title":{"rendered":"CM2W"},"content":{"rendered":"<div class=\"wpb-content-wrapper\"><p>[vc_section css=&#8221;.vc_custom_1541091463642{margin-top: 60px !important;}&#8221;][vc_row][vc_column][vc_custom_heading text=&#8221;CM2W Connect Machines to Web&#8221; font_container=&#8221;tag:h1|font_size:30px|text_align:left|line_height:36px&#8221; google_fonts=&#8221;font_family:Montserrat%3Aregular%2C700|font_style:700%20bold%20regular%3A700%3Anormal&#8221; css=&#8221;.vc_custom_1544125433767{margin-bottom: 20px !important;}&#8221;][vc_column_text]<strong>CM2W \u2013 Connect Machines to Web<\/strong> is a software development company, which provides different business profiles with the ability to remotely monitor and control a wide range of hardware equipment. The company is forwarder in the field with an innovative approach following the most advanced trends in the software development industry.<\/p>\n<p>When we focused to work with <strong>CM2W<\/strong> they took our intention with that they knew the dosing systems and the problems of the manufacturers very well.<\/p>\n<p>With this management system, our customers and manufacturers will going to:<\/p>\n<ul>\n<li>Reduce maintenance costs by 90%<\/li>\n<li>Increase the life of the tubes used in the dosing pumps by 50%<\/li>\n<li>A loss of 40% due to the lack of accurate dosing, and<\/li>\n<li>To prevent 100% possible fraud<\/li>\n<\/ul>\n<p><strong>Platinum Partnership<\/strong> agreement between<strong> CM2W and ZEpro Food<\/strong> is signed at the beginning of 2018 for the Turkey region.[\/vc_column_text][\/vc_column][\/vc_row][vc_row css=&#8221;.vc_custom_1542301081607{margin-top: 30px !important;}&#8221;][vc_column][vc_custom_heading text=&#8221;CM2W&#8221; font_container=&#8221;tag:h1|font_size:30px|text_align:left|line_height:36px&#8221; google_fonts=&#8221;font_family:Montserrat%3Aregular%2C700|font_style:700%20bold%20regular%3A700%3Anormal&#8221; css=&#8221;.vc_custom_1542301028860{margin-bottom: 20px !important;}&#8221;]<div class=\"woocommerce\">\t\t\t<div class=\"single-product\" data-product-page-preselected-id=\"0\">\n\t\t\t\t<div class=\"woocommerce-notices-wrapper\"><\/div><div id=\"product-4792\" class=\"post-4792 product type-product status-publish has-post-thumbnail product_cat-cm2w-en product_cat-control-systems product_tag-kitchen-hygiene product_tag-laundry-hygiene first instock shipping-taxable product-type-simple\">\n\n\t<div class=\"woocommerce-product-gallery woocommerce-product-gallery--with-images woocommerce-product-gallery--columns-4 images\" data-columns=\"4\" style=\"opacity: 0; transition: opacity .25s ease-in-out;\">\n\t<figure class=\"woocommerce-product-gallery__wrapper\" style=\"margin: 0;\">\n\t\t<div data-thumb=\"https:\/\/zeprogida.com.tr\/wp-content\/uploads\/2018\/11\/cm2w-1-100x100.png\" class=\"woocommerce-product-gallery__image woocommerce-product-first-gallery__image\"><a href=\"https:\/\/zeprogida.com.tr\/wp-content\/uploads\/2018\/11\/cm2w-1.png\"><img decoding=\"async\" width=\"370\" height=\"267\" src=\"https:\/\/zeprogida.com.tr\/wp-content\/uploads\/2018\/11\/cm2w-1-370x267.png\" class=\"attachment-shop_single size-shop_single wp-post-image\" alt=\"\" title=\"Uzaktan Y\u00f6netim ve Otomasyonu\" data-src=\"https:\/\/zeprogida.com.tr\/wp-content\/uploads\/2018\/11\/cm2w-1.png\" data-large_image=\"https:\/\/zeprogida.com.tr\/wp-content\/uploads\/2018\/11\/cm2w-1.png\" data-large_image_width=\"555\" data-large_image_height=\"400\" srcset=\"https:\/\/zeprogida.com.tr\/wp-content\/uploads\/2018\/11\/cm2w-1-370x267.png 370w, https:\/\/zeprogida.com.tr\/wp-content\/uploads\/2018\/11\/cm2w-1-300x216.png 300w, https:\/\/zeprogida.com.tr\/wp-content\/uploads\/2018\/11\/cm2w-1.png 555w\" sizes=\"(max-width: 370px) 100vw, 370px\" \/><\/a><\/div><div data-thumb=\"https:\/\/zeprogida.com.tr\/wp-content\/uploads\/2018\/11\/cm2w-2-100x100.png\" data-thumb-alt=\"CM2W - Image 2\" data-thumb-srcset=\"https:\/\/zeprogida.com.tr\/wp-content\/uploads\/2018\/11\/cm2w-2-100x100.png 100w, https:\/\/zeprogida.com.tr\/wp-content\/uploads\/2018\/11\/cm2w-2-150x150.png 150w, https:\/\/zeprogida.com.tr\/wp-content\/uploads\/2018\/11\/cm2w-2-50x50.png 50w, https:\/\/zeprogida.com.tr\/wp-content\/uploads\/2018\/11\/cm2w-2-320x320.png 320w\"  data-thumb-sizes=\"(max-width: 100px) 100vw, 100px\" class=\"woocommerce-product-gallery__image\"><a href=\"https:\/\/zeprogida.com.tr\/wp-content\/uploads\/2018\/11\/cm2w-2.png\"><img decoding=\"async\" width=\"100\" height=\"100\" src=\"https:\/\/zeprogida.com.tr\/wp-content\/uploads\/2018\/11\/cm2w-2-100x100.png\" class=\"\" alt=\"CM2W - Image 2\" data-caption=\"Ak\u0131ll\u0131 \u0130zleme ve Y\u00f6netim Sistemleri\" data-src=\"https:\/\/zeprogida.com.tr\/wp-content\/uploads\/2018\/11\/cm2w-2.png\" data-large_image=\"https:\/\/zeprogida.com.tr\/wp-content\/uploads\/2018\/11\/cm2w-2.png\" data-large_image_width=\"555\" data-large_image_height=\"400\" srcset=\"https:\/\/zeprogida.com.tr\/wp-content\/uploads\/2018\/11\/cm2w-2-100x100.png 100w, https:\/\/zeprogida.com.tr\/wp-content\/uploads\/2018\/11\/cm2w-2-150x150.png 150w, https:\/\/zeprogida.com.tr\/wp-content\/uploads\/2018\/11\/cm2w-2-50x50.png 50w, https:\/\/zeprogida.com.tr\/wp-content\/uploads\/2018\/11\/cm2w-2-320x320.png 320w\" sizes=\"(max-width: 100px) 100vw, 100px\" \/><\/a><\/div><div data-thumb=\"https:\/\/zeprogida.com.tr\/wp-content\/uploads\/2018\/11\/cm2w-3-100x100.png\" data-thumb-alt=\"CM2W - Image 3\" data-thumb-srcset=\"https:\/\/zeprogida.com.tr\/wp-content\/uploads\/2018\/11\/cm2w-3-100x100.png 100w, https:\/\/zeprogida.com.tr\/wp-content\/uploads\/2018\/11\/cm2w-3-150x150.png 150w, https:\/\/zeprogida.com.tr\/wp-content\/uploads\/2018\/11\/cm2w-3-50x50.png 50w, https:\/\/zeprogida.com.tr\/wp-content\/uploads\/2018\/11\/cm2w-3-320x320.png 320w\"  data-thumb-sizes=\"(max-width: 100px) 100vw, 100px\" class=\"woocommerce-product-gallery__image\"><a href=\"https:\/\/zeprogida.com.tr\/wp-content\/uploads\/2018\/11\/cm2w-3.png\"><img decoding=\"async\" width=\"100\" height=\"100\" src=\"https:\/\/zeprogida.com.tr\/wp-content\/uploads\/2018\/11\/cm2w-3-100x100.png\" class=\"\" alt=\"CM2W - Image 3\" data-caption=\"\" data-src=\"https:\/\/zeprogida.com.tr\/wp-content\/uploads\/2018\/11\/cm2w-3.png\" data-large_image=\"https:\/\/zeprogida.com.tr\/wp-content\/uploads\/2018\/11\/cm2w-3.png\" data-large_image_width=\"555\" data-large_image_height=\"400\" srcset=\"https:\/\/zeprogida.com.tr\/wp-content\/uploads\/2018\/11\/cm2w-3-100x100.png 100w, https:\/\/zeprogida.com.tr\/wp-content\/uploads\/2018\/11\/cm2w-3-150x150.png 150w, https:\/\/zeprogida.com.tr\/wp-content\/uploads\/2018\/11\/cm2w-3-50x50.png 50w, https:\/\/zeprogida.com.tr\/wp-content\/uploads\/2018\/11\/cm2w-3-320x320.png 320w\" sizes=\"(max-width: 100px) 100vw, 100px\" \/><\/a><\/div><div data-thumb=\"https:\/\/zeprogida.com.tr\/wp-content\/uploads\/2018\/11\/cm2w-4-100x100.png\" data-thumb-alt=\"CM2W - Image 4\" data-thumb-srcset=\"https:\/\/zeprogida.com.tr\/wp-content\/uploads\/2018\/11\/cm2w-4-100x100.png 100w, https:\/\/zeprogida.com.tr\/wp-content\/uploads\/2018\/11\/cm2w-4-150x150.png 150w, https:\/\/zeprogida.com.tr\/wp-content\/uploads\/2018\/11\/cm2w-4-50x50.png 50w, https:\/\/zeprogida.com.tr\/wp-content\/uploads\/2018\/11\/cm2w-4-320x320.png 320w\"  data-thumb-sizes=\"(max-width: 100px) 100vw, 100px\" class=\"woocommerce-product-gallery__image\"><a href=\"https:\/\/zeprogida.com.tr\/wp-content\/uploads\/2018\/11\/cm2w-4.png\"><img decoding=\"async\" width=\"100\" height=\"100\" src=\"https:\/\/zeprogida.com.tr\/wp-content\/uploads\/2018\/11\/cm2w-4-100x100.png\" class=\"\" alt=\"CM2W - Image 4\" data-caption=\"\" data-src=\"https:\/\/zeprogida.com.tr\/wp-content\/uploads\/2018\/11\/cm2w-4.png\" data-large_image=\"https:\/\/zeprogida.com.tr\/wp-content\/uploads\/2018\/11\/cm2w-4.png\" data-large_image_width=\"555\" data-large_image_height=\"400\" srcset=\"https:\/\/zeprogida.com.tr\/wp-content\/uploads\/2018\/11\/cm2w-4-100x100.png 100w, https:\/\/zeprogida.com.tr\/wp-content\/uploads\/2018\/11\/cm2w-4-150x150.png 150w, https:\/\/zeprogida.com.tr\/wp-content\/uploads\/2018\/11\/cm2w-4-50x50.png 50w, https:\/\/zeprogida.com.tr\/wp-content\/uploads\/2018\/11\/cm2w-4-320x320.png 320w\" sizes=\"(max-width: 100px) 100vw, 100px\" \/><\/a><\/div>\t<\/figure>\n<\/div>\n\n\t<div class=\"summary entry-summary\">\n\t\t<p class=\"price\"><\/p>\n<div class=\"woocommerce-product-details__short-description\">\n\t<p><b>CONNECTIVITY<\/b><b>: <\/b>USB, WI-FI,\u00a0 and GPRS<\/p>\n<p><b>DETAILED <\/b><b>STATISTICS<\/b><b>: <\/b>DATE, TIME, CONSUMPTION, TURNOVER, and CYCLES<\/p>\n<p><b>CRITICAL LEVEL <\/b><b>ALARM<\/b><b>: <\/b>E-MAIL NOTIFICATION and \/ or BEEPER \/ or REMOTE CONTROL<\/p>\n<p><u><b>ADDED VALUE:<\/b><\/u><\/p>\n<ul>\n<li>90% LESS MAINTENANCE COSTS<\/li>\n<li>50% EXTENDED LIFETIME TUBING<\/li>\n<li>40% LESS REVENUE LOSS BECAUSE OF NO PROPER DOSING<\/li>\n<li>100% NO FRAUD<\/li>\n<\/ul>\n<p><b>EFFICIENT DISHWASHING \/ SMART LAUNDRY DOSING SYSTEMS and PUMPS<\/b><\/p>\n<\/div>\n<div class=\"product_meta\">\n\n\t\n\t\n\t<span class=\"posted_in\">Categories: <a href=\"https:\/\/zeprogida.com.tr\/en\/urun-kategori\/cm2w-en\/\" rel=\"tag\">CM2W<\/a>, <a href=\"https:\/\/zeprogida.com.tr\/en\/urun-kategori\/control-systems\/\" rel=\"tag\">Smart Monitoring and Control Systems<\/a><\/span>    <span class=\"tagged_as\"><a href=\"https:\/\/zeprogida.com.tr\/en\/urun-etiketi\/kitchen-hygiene\/\" rel=\"tag\">Kitchen Hygiene<\/a> <a href=\"https:\/\/zeprogida.com.tr\/en\/urun-etiketi\/laundry-hygiene\/\" rel=\"tag\">Laundry Hygiene<\/a><\/span>\n\t\n<\/div>\n\t<\/div>\n\n\t\n\t<div class=\"woocommerce-tabs wc-tabs-wrapper\">\n\t\t<ul class=\"tabs wc-tabs\" role=\"tablist\">\n\t\t\t\t\t\t\t<li role=\"presentation\" class=\"description_tab\" id=\"tab-title-description\">\n\t\t\t\t\t<a href=\"#tab-description\" role=\"tab\" aria-controls=\"tab-description\">\n\t\t\t\t\t\tDescription\t\t\t\t\t<\/a>\n\t\t\t\t<\/li>\n\t\t\t\t\t<\/ul>\n\t\t\t\t\t<div class=\"woocommerce-Tabs-panel woocommerce-Tabs-panel--description panel entry-content wc-tab\" id=\"tab-description\" role=\"tabpanel\" aria-labelledby=\"tab-title-description\">\n\t\t\t\t\n<p>Our platform was successfully introduced in the industrial chemicals distribution process through innovative software solution.<\/p>\n<p>Laundry and dishwasher dosing system controllers are complete solution for smart monitoring and remote control of laundry units in commercial venues.<\/p>\n<p>This system provides you many key features \u2013 internet connectivity, full and 100% accurate statistics, and remote control.<\/p>\n<p>By PC, tablet or smart phone you can operate your machines in order to achieve maximum efficiency through precise measuring and the ability for faster reaction time in case of any attendant problems feedback.<\/p>\n<p>Significant losses may be caused by flow reduction of the dosing system or not loyal customer\u2019s practices. Once easily installed the controller prevents most of the familiar problems in this business area including logistics &amp; technical support issues.<\/p>\n\t\t\t<\/div>\n\t\t\n\t\t\t<\/div>\n\n<\/div>\n\n\t\t\t<\/div>\n\t\t\t<\/div>[\/vc_column][\/vc_row][\/vc_section]<\/p>\n<\/div>","protected":false},"excerpt":{"rendered":"<p>[vc_section css=&#8221;.vc_custom_1541091463642{margin-top: 60px !important;}&#8221;][vc_row][vc_column][vc_custom_heading text=&#8221;CM2W Connect Machines to Web&#8221; font_container=&#8221;tag:h1|font_size:30px|text_align:left|line_height:36px&#8221; google_fonts=&#8221;font_family:Montserrat%3Aregular%2C700|font_style:700%20bold%20regular%3A700%3Anormal&#8221; css=&#8221;.vc_custom_1544125433767{margin-bottom: 20px !important;}&#8221;][vc_column_text]CM2W \u2013 Connect Machines to Web is a software development company, which provides different business profiles with the ability to remotely monitor and control a wide range of hardware equipment. The company is forwarder in the field with an innovative approach following<\/p>\n","protected":false},"author":1,"featured_media":0,"parent":0,"menu_order":0,"comment_status":"closed","ping_status":"closed","template":"","meta":{"footnotes":""},"class_list":["post-4978","page","type-page","status-publish","hentry"],"yoast_head":"<!-- This site is optimized with the Yoast SEO plugin v25.7 - https:\/\/yoast.com\/wordpress\/plugins\/seo\/ -->\n<title>CM2W | Zepro G\u0131da<\/title>\n<meta name=\"description\" content=\"Platinum Partnership agreement between CM2W and ZEpro Food is signed at the beginning of 2018 for the Turkey region.\" \/>\n<meta name=\"robots\" content=\"index, follow, max-snippet:-1, max-image-preview:large, max-video-preview:-1\" \/>\n<link rel=\"canonical\" href=\"https:\/\/zeprogida.com.tr\/cm2w\/\" \/>\n<meta property=\"og:locale\" content=\"en_US\" \/>\n<meta property=\"og:type\" content=\"article\" \/>\n<meta property=\"og:title\" content=\"CM2W | Zepro G\u0131da\" \/>\n<meta property=\"og:description\" content=\"Platinum Partnership agreement between CM2W and ZEpro Food is signed at the beginning of 2018 for the Turkey region.\" \/>\n<meta property=\"og:url\" content=\"https:\/\/zeprogida.com.tr\/cm2w\/\" \/>\n<meta property=\"og:site_name\" content=\"Zepro G\u0131da\" \/>\n<meta property=\"article:publisher\" content=\"https:\/\/www.facebook.com\/Microdos-dozaj-pompas%c4%b1-1676852189256923\/\" \/>\n<meta property=\"article:modified_time\" content=\"2018-12-18T12:46:40+00:00\" \/>\n<meta name=\"twitter:card\" content=\"summary_large_image\" \/>\n<meta name=\"twitter:label1\" content=\"Est. reading time\" \/>\n\t<meta name=\"twitter:data1\" content=\"1 minute\" \/>\n<script type=\"application\/ld+json\" class=\"yoast-schema-graph\">{\"@context\":\"https:\/\/schema.org\",\"@graph\":[{\"@type\":\"WebPage\",\"@id\":\"https:\/\/zeprogida.com.tr\/cm2w\/\",\"url\":\"https:\/\/zeprogida.com.tr\/cm2w\/\",\"name\":\"CM2W | Zepro G\u0131da\",\"isPartOf\":{\"@id\":\"https:\/\/zeprogida.com.tr\/#website\"},\"datePublished\":\"2018-12-06T19:44:56+00:00\",\"dateModified\":\"2018-12-18T12:46:40+00:00\",\"description\":\"Platinum Partnership agreement between CM2W and ZEpro Food is signed at the beginning of 2018 for the Turkey region.\",\"breadcrumb\":{\"@id\":\"https:\/\/zeprogida.com.tr\/cm2w\/#breadcrumb\"},\"inLanguage\":\"en-US\",\"potentialAction\":[{\"@type\":\"ReadAction\",\"target\":[\"https:\/\/zeprogida.com.tr\/cm2w\/\"]}]},{\"@type\":\"BreadcrumbList\",\"@id\":\"https:\/\/zeprogida.com.tr\/cm2w\/#breadcrumb\",\"itemListElement\":[{\"@type\":\"ListItem\",\"position\":1,\"name\":\"Home\",\"item\":\"https:\/\/zeprogida.com.tr\/en\/\"},{\"@type\":\"ListItem\",\"position\":2,\"name\":\"CM2W\"}]},{\"@type\":\"WebSite\",\"@id\":\"https:\/\/zeprogida.com.tr\/#website\",\"url\":\"https:\/\/zeprogida.com.tr\/\",\"name\":\"Zepro G\u0131da\",\"description\":\"Temizlik ve Hijyen Partneriniz\",\"publisher\":{\"@id\":\"https:\/\/zeprogida.com.tr\/#organization\"},\"potentialAction\":[{\"@type\":\"SearchAction\",\"target\":{\"@type\":\"EntryPoint\",\"urlTemplate\":\"https:\/\/zeprogida.com.tr\/?s={search_term_string}\"},\"query-input\":{\"@type\":\"PropertyValueSpecification\",\"valueRequired\":true,\"valueName\":\"search_term_string\"}}],\"inLanguage\":\"en-US\"},{\"@type\":\"Organization\",\"@id\":\"https:\/\/zeprogida.com.tr\/#organization\",\"name\":\"Optimum Kimyasal\",\"url\":\"https:\/\/zeprogida.com.tr\/\",\"logo\":{\"@type\":\"ImageObject\",\"inLanguage\":\"en-US\",\"@id\":\"https:\/\/zeprogida.com.tr\/#\/schema\/logo\/image\/\",\"url\":\"https:\/\/zeprogida.com.tr\/wp-content\/uploads\/2016\/11\/Optimum-Logo.png\",\"contentUrl\":\"https:\/\/zeprogida.com.tr\/wp-content\/uploads\/2016\/11\/Optimum-Logo.png\",\"width\":296,\"height\":60,\"caption\":\"Optimum Kimyasal\"},\"image\":{\"@id\":\"https:\/\/zeprogida.com.tr\/#\/schema\/logo\/image\/\"},\"sameAs\":[\"https:\/\/www.facebook.com\/Microdos-dozaj-pompas\u0131-1676852189256923\/\"]}]}<\/script>\n<!-- \/ Yoast SEO plugin. -->","yoast_head_json":{"title":"CM2W | Zepro G\u0131da","description":"Platinum Partnership agreement between CM2W and ZEpro Food is signed at the beginning of 2018 for the Turkey region.","robots":{"index":"index","follow":"follow","max-snippet":"max-snippet:-1","max-image-preview":"max-image-preview:large","max-video-preview":"max-video-preview:-1"},"canonical":"https:\/\/zeprogida.com.tr\/cm2w\/","og_locale":"en_US","og_type":"article","og_title":"CM2W | Zepro G\u0131da","og_description":"Platinum Partnership agreement between CM2W and ZEpro Food is signed at the beginning of 2018 for the Turkey region.","og_url":"https:\/\/zeprogida.com.tr\/cm2w\/","og_site_name":"Zepro G\u0131da","article_publisher":"https:\/\/www.facebook.com\/Microdos-dozaj-pompas%c4%b1-1676852189256923\/","article_modified_time":"2018-12-18T12:46:40+00:00","twitter_card":"summary_large_image","twitter_misc":{"Est. reading time":"1 minute"},"schema":{"@context":"https:\/\/schema.org","@graph":[{"@type":"WebPage","@id":"https:\/\/zeprogida.com.tr\/cm2w\/","url":"https:\/\/zeprogida.com.tr\/cm2w\/","name":"CM2W | Zepro G\u0131da","isPartOf":{"@id":"https:\/\/zeprogida.com.tr\/#website"},"datePublished":"2018-12-06T19:44:56+00:00","dateModified":"2018-12-18T12:46:40+00:00","description":"Platinum Partnership agreement between CM2W and ZEpro Food is signed at the beginning of 2018 for the Turkey region.","breadcrumb":{"@id":"https:\/\/zeprogida.com.tr\/cm2w\/#breadcrumb"},"inLanguage":"en-US","potentialAction":[{"@type":"ReadAction","target":["https:\/\/zeprogida.com.tr\/cm2w\/"]}]},{"@type":"BreadcrumbList","@id":"https:\/\/zeprogida.com.tr\/cm2w\/#breadcrumb","itemListElement":[{"@type":"ListItem","position":1,"name":"Home","item":"https:\/\/zeprogida.com.tr\/en\/"},{"@type":"ListItem","position":2,"name":"CM2W"}]},{"@type":"WebSite","@id":"https:\/\/zeprogida.com.tr\/#website","url":"https:\/\/zeprogida.com.tr\/","name":"Zepro G\u0131da","description":"Temizlik ve Hijyen Partneriniz","publisher":{"@id":"https:\/\/zeprogida.com.tr\/#organization"},"potentialAction":[{"@type":"SearchAction","target":{"@type":"EntryPoint","urlTemplate":"https:\/\/zeprogida.com.tr\/?s={search_term_string}"},"query-input":{"@type":"PropertyValueSpecification","valueRequired":true,"valueName":"search_term_string"}}],"inLanguage":"en-US"},{"@type":"Organization","@id":"https:\/\/zeprogida.com.tr\/#organization","name":"Optimum Kimyasal","url":"https:\/\/zeprogida.com.tr\/","logo":{"@type":"ImageObject","inLanguage":"en-US","@id":"https:\/\/zeprogida.com.tr\/#\/schema\/logo\/image\/","url":"https:\/\/zeprogida.com.tr\/wp-content\/uploads\/2016\/11\/Optimum-Logo.png","contentUrl":"https:\/\/zeprogida.com.tr\/wp-content\/uploads\/2016\/11\/Optimum-Logo.png","width":296,"height":60,"caption":"Optimum Kimyasal"},"image":{"@id":"https:\/\/zeprogida.com.tr\/#\/schema\/logo\/image\/"},"sameAs":["https:\/\/www.facebook.com\/Microdos-dozaj-pompas\u0131-1676852189256923\/"]}]}},"_links":{"self":[{"href":"https:\/\/zeprogida.com.tr\/en\/wp-json\/wp\/v2\/pages\/4978","targetHints":{"allow":["GET"]}}],"collection":[{"href":"https:\/\/zeprogida.com.tr\/en\/wp-json\/wp\/v2\/pages"}],"about":[{"href":"https:\/\/zeprogida.com.tr\/en\/wp-json\/wp\/v2\/types\/page"}],"author":[{"embeddable":true,"href":"https:\/\/zeprogida.com.tr\/en\/wp-json\/wp\/v2\/users\/1"}],"replies":[{"embeddable":true,"href":"https:\/\/zeprogida.com.tr\/en\/wp-json\/wp\/v2\/comments?post=4978"}],"version-history":[{"count":0,"href":"https:\/\/zeprogida.com.tr\/en\/wp-json\/wp\/v2\/pages\/4978\/revisions"}],"wp:attachment":[{"href":"https:\/\/zeprogida.com.tr\/en\/wp-json\/wp\/v2\/media?parent=4978"}],"curies":[{"name":"wp","href":"https:\/\/api.w.org\/{rel}","templated":true}]}}