{"id":4754,"date":"2018-11-21T06:56:22","date_gmt":"2018-11-21T06:56:22","guid":{"rendered":"https:\/\/zeprogida.com.tr\/?page_id=4754"},"modified":"2025-08-18T16:29:00","modified_gmt":"2025-08-18T16:29:00","slug":"contact-us","status":"publish","type":"page","link":"https:\/\/zeprogida.com.tr\/en\/contact-us\/","title":{"rendered":"Contact Us"},"content":{"rendered":"<div class=\"wpb-content-wrapper\"><p>[vc_row css=&#8221;.vc_custom_1541091932190{margin-top: 60px !important;margin-bottom: 0px !important;}&#8221;][vc_column width=&#8221;1\/2&#8243; el_class=&#8221;stm_icon_box_responsive&#8221;][vc_custom_heading text=&#8221;Contact Information;&#8221; font_container=&#8221;tag:h3|text_align:left&#8221; use_theme_fonts=&#8221;yes&#8221; css=&#8221;.vc_custom_1542783373685{margin-top: -20px !important;margin-bottom: 35px !important;}&#8221;][stm_contacts_widget style=&#8221;style_4&#8243; address=&#8221;Zepro G\u0131da Sanayi ve D\u0131\u015f Ticaret A.\u015e.<br \/>\nCevizli Mah. Mustafa Kemal Cad. Hukuk\u00e7ular Towers<br \/>\nA Blok No:66A D.111 Kartal-\u0130stanbul&#8221; phone=&#8221;+90 850 432 5278&#8243; email=&#8221;info@zeprogida.com.tr&#8221; fax=&#8221;+90 850 522 3403&#8243;][\/vc_column][vc_column width=&#8221;1\/2&#8243;][vc_custom_heading text=&#8221;Location:&#8221; font_container=&#8221;tag:h3|text_align:left&#8221; use_theme_fonts=&#8221;yes&#8221; css=&#8221;.vc_custom_1542783333341{margin-top: -20px !important;margin-bottom: 35px !important;}&#8221;][vc_gmaps link=&#8221;#E-8_JTNDaWZyYW1lJTIwc3JjJTNEJTIyaHR0cHMlM0ElMkYlMkZ3d3cuZ29vZ2xlLmNvbSUyRm1hcHMlMkZlbWJlZCUzRnBiJTNEJTIxMW0xOCUyMTFtMTIlMjExbTMlMjExZDMwMTUuMjA5MTY3ODc2ODU0JTIxMmQyOS4xNzgyMDMxMTE5MjY4NiUyMTNkNDAuOTExMTU5NDI1Mjc5NTIlMjEybTMlMjExZjAlMjEyZjAlMjEzZjAlMjEzbTIlMjExaTEwMjQlMjEyaTc2OCUyMTRmMTMuMSUyMTNtMyUyMTFtMiUyMTFzMHgxNGNhYzQ2MzUzNTQ2MzViJTI1M0EweDg1NmRiMjhmYWQ3YWY5Y2IlMjEyc0h1a3VrJTI1QzMlMjVBN3VsYXIlMjUyMFRvd2VycyUyMTVlMCUyMTNtMiUyMTFzdHIlMjEyc3RyJTIxNHYxNzU1NTM0NDA5MDI0JTIxNW0yJTIxMXN0ciUyMTJzdHIlMjIlMjB3aWR0aCUzRCUyMjYwMCUyMiUyMGhlaWdodCUzRCUyMjQ1MCUyMiUyMHN0eWxlJTNEJTIyYm9yZGVyJTNBMCUzQiUyMiUyMGFsbG93ZnVsbHNjcmVlbiUzRCUyMiUyMiUyMGxvYWRpbmclM0QlMjJsYXp5JTIyJTIwcmVmZXJyZXJwb2xpY3klM0QlMjJuby1yZWZlcnJlci13aGVuLWRvd25ncmFkZSUyMiUzRSUzQyUyRmlmcmFtZSUzRQ==&#8221; size=&#8221;266&#8243; css=&#8221;&#8221;][\/vc_column][\/vc_row]<\/p>\n<\/div>","protected":false},"excerpt":{"rendered":"<p>[vc_row css=&#8221;.vc_custom_1541091932190{margin-top: 60px !important;margin-bottom: 0px !important;}&#8221;][vc_column width=&#8221;1\/2&#8243; el_class=&#8221;stm_icon_box_responsive&#8221;][vc_custom_heading text=&#8221;Contact Information;&#8221; font_container=&#8221;tag:h3|text_align:left&#8221; use_theme_fonts=&#8221;yes&#8221; css=&#8221;.vc_custom_1542783373685{margin-top: -20px !important;margin-bottom: 35px !important;}&#8221;][stm_contacts_widget style=&#8221;style_4&#8243; address=&#8221;Zepro G\u0131da Sanayi ve D\u0131\u015f Ticaret A.\u015e. Cevizli Mah. Mustafa Kemal Cad. Hukuk\u00e7ular Towers A Blok No:66A D.111 Kartal-\u0130stanbul&#8221; phone=&#8221;+90 850 432 5278&#8243; email=&#8221;info@zeprogida.com.tr&#8221; fax=&#8221;+90 850 522 3403&#8243;][\/vc_column][vc_column width=&#8221;1\/2&#8243;][vc_custom_heading text=&#8221;Location:&#8221; font_container=&#8221;tag:h3|text_align:left&#8221; use_theme_fonts=&#8221;yes&#8221; css=&#8221;.vc_custom_1542783333341{margin-top: -20px !important;margin-bottom: 35px !important;}&#8221;][vc_gmaps<\/p>\n","protected":false},"author":1,"featured_media":0,"parent":0,"menu_order":0,"comment_status":"closed","ping_status":"closed","template":"","meta":{"footnotes":""},"class_list":["post-4754","page","type-page","status-publish","hentry"],"yoast_head":"<!-- This site is optimized with the Yoast SEO plugin v25.7 - https:\/\/yoast.com\/wordpress\/plugins\/seo\/ -->\n<title>Contact Us | Zepro Food Industry and Foreign Trade Inc.<\/title>\n<meta name=\"description\" content=\"As an Zepro Food Industry and Foreign Trade Inc.., we provide \u2018\u2019OUT-OF-HOME CONSUMPTION SECTOR\u2019\u2019 products and technical services to hospitals, schools, catering companies, factories, restaurants and cafes in many parts of Turkey.\" \/>\n<meta name=\"robots\" content=\"index, follow, max-snippet:-1, max-image-preview:large, max-video-preview:-1\" \/>\n<link rel=\"canonical\" href=\"https:\/\/zeprogida.com.tr\/en\/contact-us\/\" \/>\n<meta property=\"og:locale\" content=\"en_US\" \/>\n<meta property=\"og:type\" content=\"article\" \/>\n<meta property=\"og:title\" content=\"Contact Us | Zepro Food Industry and Foreign Trade Inc.\" \/>\n<meta property=\"og:description\" content=\"As an Zepro Food Industry and Foreign Trade Inc.., we provide \u2018\u2019OUT-OF-HOME CONSUMPTION SECTOR\u2019\u2019 products and technical services to hospitals, schools, catering companies, factories, restaurants and cafes in many parts of Turkey.\" \/>\n<meta property=\"og:url\" content=\"https:\/\/zeprogida.com.tr\/en\/contact-us\/\" \/>\n<meta property=\"og:site_name\" content=\"Zepro G\u0131da\" \/>\n<meta property=\"article:publisher\" content=\"https:\/\/www.facebook.com\/Microdos-dozaj-pompas%c4%b1-1676852189256923\/\" \/>\n<meta property=\"article:modified_time\" content=\"2025-08-18T16:29:00+00:00\" \/>\n<meta name=\"twitter:card\" content=\"summary_large_image\" \/>\n<meta name=\"twitter:label1\" content=\"Est. reading time\" \/>\n\t<meta name=\"twitter:data1\" content=\"1 minute\" \/>\n<script type=\"application\/ld+json\" class=\"yoast-schema-graph\">{\"@context\":\"https:\/\/schema.org\",\"@graph\":[{\"@type\":\"WebPage\",\"@id\":\"https:\/\/zeprogida.com.tr\/en\/contact-us\/\",\"url\":\"https:\/\/zeprogida.com.tr\/en\/contact-us\/\",\"name\":\"Contact Us | Zepro Food Industry and Foreign Trade Inc.\",\"isPartOf\":{\"@id\":\"https:\/\/zeprogida.com.tr\/#website\"},\"datePublished\":\"2018-11-21T06:56:22+00:00\",\"dateModified\":\"2025-08-18T16:29:00+00:00\",\"description\":\"As an Zepro Food Industry and Foreign Trade Inc.., we provide \u2018\u2019OUT-OF-HOME CONSUMPTION SECTOR\u2019\u2019 products and technical services to hospitals, schools, catering companies, factories, restaurants and cafes in many parts of Turkey.\",\"breadcrumb\":{\"@id\":\"https:\/\/zeprogida.com.tr\/en\/contact-us\/#breadcrumb\"},\"inLanguage\":\"en-US\",\"potentialAction\":[{\"@type\":\"ReadAction\",\"target\":[\"https:\/\/zeprogida.com.tr\/en\/contact-us\/\"]}]},{\"@type\":\"BreadcrumbList\",\"@id\":\"https:\/\/zeprogida.com.tr\/en\/contact-us\/#breadcrumb\",\"itemListElement\":[{\"@type\":\"ListItem\",\"position\":1,\"name\":\"Home\",\"item\":\"https:\/\/zeprogida.com.tr\/en\/\"},{\"@type\":\"ListItem\",\"position\":2,\"name\":\"Contact Us\"}]},{\"@type\":\"WebSite\",\"@id\":\"https:\/\/zeprogida.com.tr\/#website\",\"url\":\"https:\/\/zeprogida.com.tr\/\",\"name\":\"Zepro G\u0131da\",\"description\":\"Temizlik ve Hijyen Partneriniz\",\"publisher\":{\"@id\":\"https:\/\/zeprogida.com.tr\/#organization\"},\"potentialAction\":[{\"@type\":\"SearchAction\",\"target\":{\"@type\":\"EntryPoint\",\"urlTemplate\":\"https:\/\/zeprogida.com.tr\/?s={search_term_string}\"},\"query-input\":{\"@type\":\"PropertyValueSpecification\",\"valueRequired\":true,\"valueName\":\"search_term_string\"}}],\"inLanguage\":\"en-US\"},{\"@type\":\"Organization\",\"@id\":\"https:\/\/zeprogida.com.tr\/#organization\",\"name\":\"Optimum Kimyasal\",\"url\":\"https:\/\/zeprogida.com.tr\/\",\"logo\":{\"@type\":\"ImageObject\",\"inLanguage\":\"en-US\",\"@id\":\"https:\/\/zeprogida.com.tr\/#\/schema\/logo\/image\/\",\"url\":\"https:\/\/zeprogida.com.tr\/wp-content\/uploads\/2016\/11\/Optimum-Logo.png\",\"contentUrl\":\"https:\/\/zeprogida.com.tr\/wp-content\/uploads\/2016\/11\/Optimum-Logo.png\",\"width\":296,\"height\":60,\"caption\":\"Optimum Kimyasal\"},\"image\":{\"@id\":\"https:\/\/zeprogida.com.tr\/#\/schema\/logo\/image\/\"},\"sameAs\":[\"https:\/\/www.facebook.com\/Microdos-dozaj-pompas\u0131-1676852189256923\/\"]}]}<\/script>\n<!-- \/ Yoast SEO plugin. -->","yoast_head_json":{"title":"Contact Us | Zepro Food Industry and Foreign Trade Inc.","description":"As an Zepro Food Industry and Foreign Trade Inc.., we provide \u2018\u2019OUT-OF-HOME CONSUMPTION SECTOR\u2019\u2019 products and technical services to hospitals, schools, catering companies, factories, restaurants and cafes in many parts of Turkey.","robots":{"index":"index","follow":"follow","max-snippet":"max-snippet:-1","max-image-preview":"max-image-preview:large","max-video-preview":"max-video-preview:-1"},"canonical":"https:\/\/zeprogida.com.tr\/en\/contact-us\/","og_locale":"en_US","og_type":"article","og_title":"Contact Us | Zepro Food Industry and Foreign Trade Inc.","og_description":"As an Zepro Food Industry and Foreign Trade Inc.., we provide \u2018\u2019OUT-OF-HOME CONSUMPTION SECTOR\u2019\u2019 products and technical services to hospitals, schools, catering companies, factories, restaurants and cafes in many parts of Turkey.","og_url":"https:\/\/zeprogida.com.tr\/en\/contact-us\/","og_site_name":"Zepro G\u0131da","article_publisher":"https:\/\/www.facebook.com\/Microdos-dozaj-pompas%c4%b1-1676852189256923\/","article_modified_time":"2025-08-18T16:29:00+00:00","twitter_card":"summary_large_image","twitter_misc":{"Est. reading time":"1 minute"},"schema":{"@context":"https:\/\/schema.org","@graph":[{"@type":"WebPage","@id":"https:\/\/zeprogida.com.tr\/en\/contact-us\/","url":"https:\/\/zeprogida.com.tr\/en\/contact-us\/","name":"Contact Us | Zepro Food Industry and Foreign Trade Inc.","isPartOf":{"@id":"https:\/\/zeprogida.com.tr\/#website"},"datePublished":"2018-11-21T06:56:22+00:00","dateModified":"2025-08-18T16:29:00+00:00","description":"As an Zepro Food Industry and Foreign Trade Inc.., we provide \u2018\u2019OUT-OF-HOME CONSUMPTION SECTOR\u2019\u2019 products and technical services to hospitals, schools, catering companies, factories, restaurants and cafes in many parts of Turkey.","breadcrumb":{"@id":"https:\/\/zeprogida.com.tr\/en\/contact-us\/#breadcrumb"},"inLanguage":"en-US","potentialAction":[{"@type":"ReadAction","target":["https:\/\/zeprogida.com.tr\/en\/contact-us\/"]}]},{"@type":"BreadcrumbList","@id":"https:\/\/zeprogida.com.tr\/en\/contact-us\/#breadcrumb","itemListElement":[{"@type":"ListItem","position":1,"name":"Home","item":"https:\/\/zeprogida.com.tr\/en\/"},{"@type":"ListItem","position":2,"name":"Contact Us"}]},{"@type":"WebSite","@id":"https:\/\/zeprogida.com.tr\/#website","url":"https:\/\/zeprogida.com.tr\/","name":"Zepro G\u0131da","description":"Temizlik ve Hijyen Partneriniz","publisher":{"@id":"https:\/\/zeprogida.com.tr\/#organization"},"potentialAction":[{"@type":"SearchAction","target":{"@type":"EntryPoint","urlTemplate":"https:\/\/zeprogida.com.tr\/?s={search_term_string}"},"query-input":{"@type":"PropertyValueSpecification","valueRequired":true,"valueName":"search_term_string"}}],"inLanguage":"en-US"},{"@type":"Organization","@id":"https:\/\/zeprogida.com.tr\/#organization","name":"Optimum Kimyasal","url":"https:\/\/zeprogida.com.tr\/","logo":{"@type":"ImageObject","inLanguage":"en-US","@id":"https:\/\/zeprogida.com.tr\/#\/schema\/logo\/image\/","url":"https:\/\/zeprogida.com.tr\/wp-content\/uploads\/2016\/11\/Optimum-Logo.png","contentUrl":"https:\/\/zeprogida.com.tr\/wp-content\/uploads\/2016\/11\/Optimum-Logo.png","width":296,"height":60,"caption":"Optimum Kimyasal"},"image":{"@id":"https:\/\/zeprogida.com.tr\/#\/schema\/logo\/image\/"},"sameAs":["https:\/\/www.facebook.com\/Microdos-dozaj-pompas\u0131-1676852189256923\/"]}]}},"_links":{"self":[{"href":"https:\/\/zeprogida.com.tr\/en\/wp-json\/wp\/v2\/pages\/4754","targetHints":{"allow":["GET"]}}],"collection":[{"href":"https:\/\/zeprogida.com.tr\/en\/wp-json\/wp\/v2\/pages"}],"about":[{"href":"https:\/\/zeprogida.com.tr\/en\/wp-json\/wp\/v2\/types\/page"}],"author":[{"embeddable":true,"href":"https:\/\/zeprogida.com.tr\/en\/wp-json\/wp\/v2\/users\/1"}],"replies":[{"embeddable":true,"href":"https:\/\/zeprogida.com.tr\/en\/wp-json\/wp\/v2\/comments?post=4754"}],"version-history":[{"count":4,"href":"https:\/\/zeprogida.com.tr\/en\/wp-json\/wp\/v2\/pages\/4754\/revisions"}],"predecessor-version":[{"id":5113,"href":"https:\/\/zeprogida.com.tr\/en\/wp-json\/wp\/v2\/pages\/4754\/revisions\/5113"}],"wp:attachment":[{"href":"https:\/\/zeprogida.com.tr\/en\/wp-json\/wp\/v2\/media?parent=4754"}],"curies":[{"name":"wp","href":"https:\/\/api.w.org\/{rel}","templated":true}]}}